{"id":975,"date":"2021-06-30T15:03:13","date_gmt":"2021-06-30T13:03:13","guid":{"rendered":"http:\/\/wp2021.ball-ev-berlin.de\/?page_id=975"},"modified":"2021-06-30T15:46:36","modified_gmt":"2021-06-30T13:46:36","slug":"aufnahmeantrag-auf-mitgliedschaft","status":"publish","type":"page","link":"https:\/\/ball-ev-berlin.de\/?page_id=975","title":{"rendered":"Aufnahmeantrag auf Mitgliedschaft"},"content":{"rendered":"\n<p>Hiermit beantrage ich die Aufnahme in den BALL e.V. unter <span class='hurraki_tooltip' data-title='Anerkennung' style='border-bottom:2px dotted #888;'>Anerkennung<\/span> seiner <a href=\"https:\/\/ball-ev-berlin.de\/satzung.php\">Satzung<\/a>.<\/p>\n\n\n\n<p>Unabh\u00e4ngig von der Einkommensart sind entsprechend der Einkommensh\u00f6he (Zahlbetrag) folgende monatliche Mitgliedsbeitr\u00e4ge zu entrichten:<\/p>\n\n\n\n<p>Bei einem Nettoeinkommen ab:<\/p>\n\n\n\n<figure class=\"wp-block-table\"><table class=\"has-fixed-layout\"><tbody><tr><td class=\"has-text-align-right\" data-align=\"right\">unter 250,00 EUR<\/td><td class=\"has-text-align-right\" data-align=\"right\">0,50 EUR<\/td><\/tr><tr><td class=\"has-text-align-right\" data-align=\"right\">ab 250,00 EUR<\/td><td class=\"has-text-align-right\" data-align=\"right\">1,00 EUR<\/td><\/tr><tr><td class=\"has-text-align-right\" data-align=\"right\">ab 500,00 EUR<\/td><td class=\"has-text-align-right\" data-align=\"right\">1,50 EUR<\/td><\/tr><tr><td class=\"has-text-align-right\" data-align=\"right\">ab 750,00 EUR<\/td><td class=\"has-text-align-right\" data-align=\"right\">2,00 EUR<\/td><\/tr><tr><td class=\"has-text-align-right\" data-align=\"right\">ab 1.000,00 EUR<\/td><td class=\"has-text-align-right\" data-align=\"right\">2,50 EUR<\/td><\/tr><tr><td class=\"has-text-align-right\" data-align=\"right\">ab 1.250,00 EUR<\/td><td class=\"has-text-align-right\" data-align=\"right\">3,00 EUR<\/td><\/tr><tr><td class=\"has-text-align-right\" data-align=\"right\">ab 1.500,00 EUR<\/td><td class=\"has-text-align-right\" data-align=\"right\">4,00 EUR<\/td><\/tr><tr><td class=\"has-text-align-right\" data-align=\"right\">ab 1.750,00 EUR<\/td><td class=\"has-text-align-right\" data-align=\"right\">5,00 EUR<\/td><\/tr><tr><td class=\"has-text-align-right\" data-align=\"right\">ab 2.000,00 EUR<\/td><td class=\"has-text-align-right\" data-align=\"right\">6,00 EUR<\/td><\/tr><tr><td class=\"has-text-align-right\" data-align=\"right\">ab 2.250,00 EUR<\/td><td class=\"has-text-align-right\" data-align=\"right\">7,00 EUR<\/td><\/tr><tr><td class=\"has-text-align-right\" data-align=\"right\">ab 2.500,00 EUR<\/td><td class=\"has-text-align-right\" data-align=\"right\">10,00 EUR<\/td><\/tr><tr><td class=\"has-text-align-right\" data-align=\"right\">ab 3.000,00 EUR<\/td><td class=\"has-text-align-right\" data-align=\"right\">15,00 EUR<\/td><\/tr><\/tbody><\/table><\/figure>\n\n\n\n<p>Es besteht die M\u00f6glichkeit der einmaligen \u00dcberweisung des Jahresbeitrages auf das Vereinskonto bei der Berliner Sparkasse IBAN: DE 48 1005 0000 2313 0112 35 BIC: BELADEBEXXX<\/p>\n\n\n\n<div class=\"wp-block-contact-form-7-contact-form-selector\">\n<div class=\"wpcf7 no-js\" id=\"wpcf7-f979-o1\" lang=\"de-DE\" dir=\"ltr\" data-wpcf7-id=\"979\">\n<div class=\"screen-reader-response\"><p role=\"status\" aria-live=\"polite\" aria-atomic=\"true\"><\/p> <ul><\/ul><\/div>\n<form action=\"\/index.php?rest_route=%2Fwp%2Fv2%2Fpages%2F975#wpcf7-f979-o1\" method=\"post\" class=\"wpcf7-form init wpcf7-acceptance-as-validation\" aria-label=\"Kontaktformular\" novalidate=\"novalidate\" data-status=\"init\">\n<fieldset class=\"hidden-fields-container\"><input type=\"hidden\" name=\"_wpcf7\" value=\"979\" \/><input type=\"hidden\" name=\"_wpcf7_version\" value=\"6.1.5\" \/><input type=\"hidden\" name=\"_wpcf7_locale\" value=\"de_DE\" \/><input type=\"hidden\" name=\"_wpcf7_unit_tag\" value=\"wpcf7-f979-o1\" \/><input type=\"hidden\" name=\"_wpcf7_container_post\" value=\"0\" \/><input type=\"hidden\" name=\"_wpcf7_posted_data_hash\" value=\"\" \/>\n<\/fieldset>\n<p><label for=\"vorundzuname\"> Vorname Name<br \/>\n<span class=\"wpcf7-form-control-wrap\" data-name=\"your-name\"><input size=\"40\" maxlength=\"400\" class=\"wpcf7-form-control wpcf7-text wpcf7-validates-as-required\" id=\"vorundzuname\" aria-required=\"true\" aria-invalid=\"false\" value=\"\" type=\"text\" name=\"your-name\" \/><\/span> <\/label>\n<\/p>\n<p><label for=\"strasse\"> Stra\u00dfe<br \/>\n<span class=\"wpcf7-form-control-wrap\" data-name=\"strasse\"><input size=\"40\" maxlength=\"400\" class=\"wpcf7-form-control wpcf7-text\" id=\"strasse\" aria-invalid=\"false\" value=\"\" type=\"text\" name=\"strasse\" \/><\/span><\/label>\n<\/p>\n<p><label for=\"ort\"> Wohnort<br \/>\n<span class=\"wpcf7-form-control-wrap\" data-name=\"ort\"><input size=\"40\" maxlength=\"400\" class=\"wpcf7-form-control wpcf7-text\" id=\"ort\" aria-invalid=\"false\" value=\"\" type=\"text\" name=\"ort\" \/><\/span><\/label>\n<\/p>\n<p><label for=\"geburt\"> Geburtsdatum<br \/>\n<\/label>\n<\/p>\n<details>\n\t<p>Datumsformat: <span class='hurraki_tooltip' data-title='Tag' style='border-bottom:2px dotted #888;'>Tag<\/span> zweistellig.Monat zweistellig.<span class='hurraki_tooltip' data-title='Jahr' style='border-bottom:2px dotted #888;'>Jahr<\/span> vierstellig\n\t<\/p>\n<\/details>\n<p><span class=\"wpcf7-form-control-wrap\" data-name=\"date-551\"><input class=\"wpcf7-form-control wpcf7-date wpcf7-validates-as-date\" id=\"geburt\" aria-invalid=\"false\" value=\"\" type=\"date\" name=\"date-551\" \/><\/span>\n<\/p>\n<p><label for=\"beruf\"> Berufsstatus<br \/>\n<span class=\"wpcf7-form-control-wrap\" data-name=\"berufstatus\"><input size=\"40\" maxlength=\"400\" class=\"wpcf7-form-control wpcf7-text\" id=\"beruf\" aria-invalid=\"false\" value=\"\" type=\"text\" name=\"berufstatus\" \/><\/span><\/label>\n<\/p>\n<p><label for=\"telefon\"> Telefonnummer<br \/>\n<span class=\"wpcf7-form-control-wrap\" data-name=\"tel-628\"><input size=\"40\" maxlength=\"400\" class=\"wpcf7-form-control wpcf7-tel wpcf7-text wpcf7-validates-as-tel\" id=\"telefon\" aria-invalid=\"false\" value=\"\" type=\"tel\" name=\"tel-628\" \/><\/span> <\/label>\n<\/p>\n<p><label for=\"email\"> <span class='hurraki_tooltip' data-title='E-Mail' style='border-bottom:2px dotted #888;'>E-<span class='hurraki_tooltip' data-title='Mail' style='border-bottom:2px dotted #888;'>Mail<\/span><\/span>-Adresse<br \/>\n<span class=\"wpcf7-form-control-wrap\" data-name=\"your-email\"><input size=\"40\" maxlength=\"400\" class=\"wpcf7-form-control wpcf7-email wpcf7-validates-as-required wpcf7-text wpcf7-validates-as-email\" id=\"email\" aria-required=\"true\" aria-invalid=\"false\" value=\"\" type=\"email\" name=\"your-email\" \/><\/span> <\/label>\n<\/p>\n<p><span id=\"wpcf7-6a087282d3fa1-wrapper\" class=\"wpcf7-form-control-wrap terms-220-wrap\" style=\"display:none !important; visibility:hidden !important;\"><label for=\"wpcf7-6a087282d3fa1-field\" class=\"hp-message\">Bitte lasse dieses Feld leer.<\/label><input id=\"wpcf7-6a087282d3fa1-field\"  class=\"wpcf7-form-control wpcf7-text\" type=\"text\" name=\"terms-220\" value=\"\" size=\"40\" tabindex=\"-1\" autocomplete=\"new-password\" \/><\/span>\n<\/p>\n<p><label for=\"satzung\"><br \/>\n<span class=\"wpcf7-form-control-wrap\" data-name=\"satzung\"><span class=\"wpcf7-form-control wpcf7-acceptance\"><span class=\"wpcf7-list-item\"><input type=\"checkbox\" name=\"satzung\" value=\"1\" id=\"satzung\" aria-invalid=\"false\" \/><\/span><\/span><\/span> Ich erkenne die Satzung an. <\/label>\n<\/p>\n<p><label for=\"datenschutz\"><br \/>\n<span class=\"wpcf7-form-control-wrap\" data-name=\"acceptance-532\"><span class=\"wpcf7-form-control wpcf7-acceptance\"><span class=\"wpcf7-list-item\"><label><input type=\"checkbox\" name=\"acceptance-532\" value=\"1\" id=\"datenschutz\" aria-invalid=\"false\" \/><span class=\"wpcf7-list-item-label\">Sie erkl\u00e4ren sich damit einverstanden, dass Ihre Daten zur Bearbeitung Ihres Anliegens verwendet werden. Weitere Informationen finden Sie in der <a href=\"http:\/\/wp2021.ball-ev-berlin.de\/datenschutzhinweise\">Datenschutzerkl\u00e4rung<\/a>.<\/span><\/label><\/span><\/span><\/span><\/label>\n<\/p>\n<p><label for=\"senden\"><input class=\"wpcf7-form-control wpcf7-submit has-spinner\" id=\"senden\" type=\"submit\" value=\"Senden\" \/><\/label>\n<\/p><div class=\"wpcf7-response-output\" aria-hidden=\"true\"><\/div>\n<\/form>\n<\/div>\n<\/div>\n","protected":false},"excerpt":{"rendered":"<p>Hiermit beantrage ich die Aufnahme in den BALL e.V. unter Anerkennung seiner Satzung. Unabh\u00e4ngig von der Einkommensart sind entsprechend der Einkommensh\u00f6he (Zahlbetrag) folgende monatliche Mitgliedsbeitr\u00e4ge zu entrichten: Bei einem Nettoeinkommen [&hellip;]<\/p>\n","protected":false},"author":6,"featured_media":0,"parent":0,"menu_order":0,"comment_status":"closed","ping_status":"closed","template":"","meta":{"_EventAllDay":false,"_EventTimezone":"","_EventStartDate":"","_EventEndDate":"","_EventStartDateUTC":"","_EventEndDateUTC":"","_EventShowMap":false,"_EventShowMapLink":false,"_EventURL":"","_EventCost":"","_EventCostDescription":"","_EventCurrencySymbol":"","_EventCurrencyCode":"","_EventCurrencyPosition":"","_EventDateTimeSeparator":"","_EventTimeRangeSeparator":"","_EventOrganizerID":[],"_EventVenueID":[],"_OrganizerEmail":"","_OrganizerPhone":"","_OrganizerWebsite":"","_VenueAddress":"","_VenueCity":"","_VenueCountry":"","_VenueProvince":"","_VenueState":"","_VenueZip":"","_VenuePhone":"","_VenueURL":"","_VenueStateProvince":"","_VenueLat":"","_VenueLng":"","_VenueShowMap":false,"_VenueShowMapLink":false,"_mc_calendar":[],"footnotes":""},"class_list":["post-975","page","type-page","status-publish","hentry"],"featured_image_src":null,"_links":{"self":[{"href":"https:\/\/ball-ev-berlin.de\/index.php?rest_route=\/wp\/v2\/pages\/975","targetHints":{"allow":["GET"]}}],"collection":[{"href":"https:\/\/ball-ev-berlin.de\/index.php?rest_route=\/wp\/v2\/pages"}],"about":[{"href":"https:\/\/ball-ev-berlin.de\/index.php?rest_route=\/wp\/v2\/types\/page"}],"author":[{"embeddable":true,"href":"https:\/\/ball-ev-berlin.de\/index.php?rest_route=\/wp\/v2\/users\/6"}],"replies":[{"embeddable":true,"href":"https:\/\/ball-ev-berlin.de\/index.php?rest_route=%2Fwp%2Fv2%2Fcomments&post=975"}],"version-history":[{"count":2,"href":"https:\/\/ball-ev-berlin.de\/index.php?rest_route=\/wp\/v2\/pages\/975\/revisions"}],"predecessor-version":[{"id":980,"href":"https:\/\/ball-ev-berlin.de\/index.php?rest_route=\/wp\/v2\/pages\/975\/revisions\/980"}],"wp:attachment":[{"href":"https:\/\/ball-ev-berlin.de\/index.php?rest_route=%2Fwp%2Fv2%2Fmedia&parent=975"}],"curies":[{"name":"wp","href":"https:\/\/api.w.org\/{rel}","templated":true}]}}